{"id":9,"date":"2015-03-12T12:32:15","date_gmt":"2015-03-12T12:32:15","guid":{"rendered":"http:\/\/juura.brizfest.ee\/?page_id=9"},"modified":"2021-03-27T19:12:03","modified_gmt":"2021-03-27T19:12:03","slug":"oigusabi","status":"publish","type":"page","link":"https:\/\/juura.brizfest.ee\/","title":{"rendered":"\u00d5igusabi"},"content":{"rendered":"<p><div class=\"fusion-fullwidth fullwidth-box fusion-builder-row-1 fusion-flex-container nonhundred-percent-fullwidth non-hundred-percent-height-scrolling\" style=\"--awb-border-radius-top-left:0px;--awb-border-radius-top-right:0px;--awb-border-radius-bottom-right:0px;--awb-border-radius-bottom-left:0px;--awb-flex-wrap:wrap;\" ><div class=\"fusion-builder-row fusion-row fusion-flex-align-items-flex-start fusion-flex-content-wrap\" style=\"max-width:calc( 1170px + 0px );margin-left: calc(-0px \/ 2 );margin-right: calc(-0px \/ 2 );\"><div class=\"fusion-layout-column fusion_builder_column fusion-builder-column-0 fusion_builder_column_1_1 1_1 fusion-flex-column\" style=\"--awb-bg-size:cover;--awb-width-large:100%;--awb-margin-top-large:0px;--awb-spacing-right-large:0px;--awb-margin-bottom-large:0px;--awb-spacing-left-large:0px;--awb-width-medium:100%;--awb-spacing-right-medium:0px;--awb-spacing-left-medium:0px;--awb-width-small:100%;--awb-spacing-right-small:0px;--awb-spacing-left-small:0px;\"><div class=\"fusion-column-wrapper fusion-flex-justify-content-flex-start fusion-content-layout-column\"><div class=\"fusion-text fusion-text-1\"><p style=\"text-align: left;\"><strong><span style=\"color: #000000;\"><img decoding=\"async\" class=\"alignright wp-image-30 size-medium\" src=\"http:\/\/juura.brizfest.ee\/wp-content\/uploads\/2015\/03\/Raul-Kivi-e1430947529357-283x300.jpg\" alt=\"Raul Kivi\" width=\"283\" height=\"300\" srcset=\"https:\/\/juura.brizfest.ee\/wp-content\/uploads\/2015\/03\/Raul-Kivi-e1430947529357-283x300.jpg 283w, https:\/\/juura.brizfest.ee\/wp-content\/uploads\/2015\/03\/Raul-Kivi-e1430947529357-968x1024.jpg 968w, https:\/\/juura.brizfest.ee\/wp-content\/uploads\/2015\/03\/Raul-Kivi-e1430947529357.jpg 3189w\" sizes=\"(max-width: 283px) 100vw, 283px\" \/><\/span><\/strong><\/p>\n<p style=\"text-align: left;\"><strong><span style=\"color: #000000;\">Raul Kivi<br \/>\n<\/span><\/strong><span style=\"color: #000000;\"><em>jurist<\/em><\/span><\/p>\n<p style=\"text-align: left;\"><span style=\"color: #000000;\">Telefon: +372 510 0274<\/span><br \/>\n<span style=\"color: #000000;\"> e-post: malbetuul@gmail.com<\/span><\/p>\n<p style=\"text-align: left;\"><strong><span style=\"color: #000000;\">HARIDUS<\/span><\/strong><br \/>\n<span style=\"color: #000000;\">2020 Eesti Koolitus- ja Konverentsikeskus O\u00dc. Koroonaviirus ja v\u00e4\u00e4ramatu j\u00f5ud \u2013 mida on kasulik teada?<\/span><br \/>\n<span style=\"color: #000000;\">2014 O\u00dc Lector, N\u00f5ustamis- ja koolituskeskus. Kriminaalmenetlus ja viimane riigikohtu<\/span> <span style=\"color: #000000;\">praktika.<\/span><br \/>\n<span style=\"color: #000000;\">2013 T\u00dc \u00f5igusteaduskond, magister iuris<\/span><br \/>\n<span style=\"color: #000000;\">2011 T\u00dc \u00f5igusteaduskond, BA<\/span><br \/>\n<span style=\"color: #000000;\">2003 MT\u00dc Bride-Est, koolitus hooldusvanematele<\/span><\/p>\n<p style=\"text-align: left;\"><strong><span style=\"color: #000000;\">KEELED<\/span><\/strong><br \/>\n<span style=\"color: #000000;\">eesti<\/span><br \/>\n<span style=\"color: #000000;\">vene<\/span><br \/>\n<span style=\"color: #000000;\">inglise<\/span><\/p>\n<p style=\"text-align: left;\"><strong style=\"color: #000000;\">KARJ\u00c4\u00c4R<\/strong><br \/>\n<span style=\"color: #000000;\"><br \/>\nalates 2011 O\u00dc BrizFest jurist<\/span><br \/>\n<span style=\"color: #000000;\"><br \/>\n2011-2012 praktikant, Tartu I Advokaadib\u00fcroo<\/span><br \/>\n<span style=\"color: #000000;\"><br \/>\n2011 n\u00f5ustaja, Tartu \u00dclikooli \u00dcli\u00f5pilaste \u00d5igusb\u00fcroo<\/span><br \/>\n<span style=\"color: #000000;\"><br \/>\n2009 praktikant, vandeadvokaat Ain Laansalu b\u00fcroo<\/span><\/p>\n<p style=\"text-align: justify;\"><span style=\"color: #000000;\"><b>TEENUSEST<br \/>\n<\/b><\/span><span style=\"background-color: rgba(255, 255, 255, 0); font-family: var(--body_typography-font-family); font-size: var(--body_typography-font-size); font-style: var(--body_typography-font-style,normal); font-weight: var(--body_typography-font-weight); letter-spacing: var(--body_typography-letter-spacing); color: #000000;\">Pakume teenuseid nii eraisikutele kui ka \u00e4ri\u00fchingutele. L\u00e4htume oma<\/span> <span style=\"background-color: rgba(255, 255, 255, 0); font-family: var(--body_typography-font-family); font-size: var(--body_typography-font-size); font-style: var(--body_typography-font-style,normal); font-weight: var(--body_typography-font-weight); letter-spacing: var(--body_typography-letter-spacing); color: #000000;\">tegevuses klientide parimast heaolust ja n\u00f5ustame ning esindame kliente kohtu ja kohtuv\u00e4listes<\/span> <span style=\"background-color: rgba(255, 255, 255, 0); font-family: var(--body_typography-font-family); font-size: var(--body_typography-font-size); font-style: var(--body_typography-font-style,normal); font-weight: var(--body_typography-font-weight); letter-spacing: var(--body_typography-letter-spacing); color: #000000;\">menetlustes. Kasutame \u00f5igusabi teenuste pakkumisel lisaks professionaalseid<\/span> <span style=\"background-color: rgba(255, 255, 255, 0); font-family: var(--body_typography-font-family); font-size: var(--body_typography-font-size); font-style: var(--body_typography-font-style,normal); font-weight: var(--body_typography-font-weight); letter-spacing: var(--body_typography-letter-spacing); color: #000000;\">koost\u00f6\u00f6partnereid ning anname juhtumiga tegeledes igal \u00fcksikul juhul endast parima. Osutame \u00f5igusabi mitmesugustes \u00f5igusvaldkondades (ka rahvusvahelistes k\u00fcsimustes):<\/span><\/p>\n<ul>\n<li><span style=\"color: #000000;\">autori\u00f5igus<\/span><\/li>\n<li><span style=\"color: #000000;\">\u00e4ri\u00f5igus<\/span><\/li>\n<li><span style=\"color: #000000;\">t\u00f6\u00f6\u00f5igus<\/span><\/li>\n<li><span style=\"color: #000000;\">v\u00f5la\u00f5igus<\/span><\/li>\n<li><span style=\"color: #000000;\">asja\u00f5igus<\/span><\/li>\n<li><span style=\"color: #000000;\">p\u00e4rimis\u00f5igus<\/span><\/li>\n<li><span style=\"color: #000000;\">perekonna\u00f5igus<\/span><\/li>\n<li><span style=\"color: #000000;\">t\u00e4itemenetlus\u00f5igus<\/span><\/li>\n<li><span style=\"color: #000000;\">sotsiaal(hooldus)\u00f5igus jm<\/span><\/li>\n<li><span style=\"color: #000000;\">karistus\u00f5igus<\/span><\/li>\n<li><span style=\"color: #000000;\">(moraalse) kahju n\u00f5uded<\/span><\/li>\n<\/ul>\n<p><strong><span style=\"color: #000000;\">Kui teil on juriidiline k\u00fcsimus v\u00f5i probleem, v\u00f5tke julgesti \u00fchendust. Koos leiame <\/span><span style=\"color: #000000;\">kindlasti lahenduse!<\/span><\/strong><\/p>\n<\/div><\/div><\/div><\/div><\/div><div class=\"fusion-fullwidth fullwidth-box fusion-builder-row-2 fusion-flex-container nonhundred-percent-fullwidth non-hundred-percent-height-scrolling\" style=\"--awb-border-radius-top-left:0px;--awb-border-radius-top-right:0px;--awb-border-radius-bottom-right:0px;--awb-border-radius-bottom-left:0px;--awb-flex-wrap:wrap;\" ><div class=\"fusion-builder-row fusion-row fusion-flex-align-items-flex-start fusion-flex-content-wrap\" style=\"max-width:1216.8px;margin-left: calc(-4% \/ 2 );margin-right: calc(-4% \/ 2 );\"><div class=\"fusion-layout-column fusion_builder_column fusion-builder-column-1 fusion_builder_column_1_1 1_1 fusion-flex-column\" style=\"--awb-bg-size:cover;--awb-width-large:100%;--awb-margin-top-large:0px;--awb-spacing-right-large:1.92%;--awb-margin-bottom-large:0px;--awb-spacing-left-large:1.92%;--awb-width-medium:100%;--awb-spacing-right-medium:1.92%;--awb-spacing-left-medium:1.92%;--awb-width-small:100%;--awb-spacing-right-small:1.92%;--awb-spacing-left-small:1.92%;\"><div class=\"fusion-column-wrapper fusion-flex-justify-content-flex-start fusion-content-layout-column\"><div class=\"fusion-text fusion-text-2\"><p><span style=\"color: #000000;\"><strong>Saada kiri siit:<\/strong><\/span><\/p>\n<div id=\"metabox_basic_settings\" class=\"postbox\">\n<div class=\"inside\">\n<table class=\"ahb-calendars-list\" cellspacing=\"10\" cellpadding=\"6\">\n<tbody>\n<tr>\n<td>        <script type=\"text\/javascript\">\n         function cp_contactformtoemail_pform_doValidate_1(form)\n         {\n            document.cp_contactformtoemail_pform_1.cp_ref_page.value = document.location;\n            $dexQuery = jQuery.noConflict();            if (document.cp_contactformtoemail_pform_1.hdcaptcha_cp_contactformtoemail_post.value == '') { setTimeout( \"cp_contactformtoemail_cerror_1()\", 100); return false; }\n            var result = $dexQuery.ajax({ type: \"GET\", url: \"\/?ps=_1&cp_contactformtoemail_pform_process=2&cp_contactformtoemail_id=2&inAdmin=1&ps=_1&hdcaptcha_cp_contactformtoemail_post=\"+document.cp_contactformtoemail_pform_1.hdcaptcha_cp_contactformtoemail_post.value, async: false }).responseText;\n            if (result.indexOf(\"captchafailed\") != -1) {\n                $dexQuery(\"#captchaimg_1\").attr('src', $dexQuery(\"#captchaimg_1\").attr('src')+'&'+Math.floor((Math.random() * 99999) + 1));\n                setTimeout( \"cp_contactformtoemail_cerror_1()\", 100);\n                return false;\n            } else             {\n                var cpefb_error = 0;\n                $dexQuery(\"#cp_contactformtoemail_pform_1\").find(\".cpefb_error\").each(function(index){\n                    if ($dexQuery(this).css(\"display\")!=\"none\")\n                        cpefb_error++;\n                    });\n                if (cpefb_error) return false;\n                if (document.cp_contactformtoemail_pform_1.cp_contactformtoemail_pform_status.value != '0')\n                           return false;\n                document.getElementById(\"refpage_1\").value = document.location;\n                cfte_blink(\".pbSubmit\");\n                document.cp_contactformtoemail_pform_1.cp_contactformtoemail_pform_status.value = '2';document.cp_contactformtoemail_pform_1.cp_contactformtoemail_pform_status.value = '1';\n                       $dexQuery.ajax({\n                         type: \"POST\",\n                         url: '',\n                         data: $dexQuery(\"#cp_contactformtoemail_pform_1\").serialize(),\n                         success: function(data)\n                         {\n                             document.cp_contactformtoemail_pform_1.cp_contactformtoemail_pform_status.value = '0';\n                                                              document.getElementById('cp_contactformtoemail_pform_1').innerHTML ='<a id=\"cftejump\"><\/a>Kiri saadetud, vastame esimesel v\u00f5imalusel!';\n                                 var tag = $dexQuery(\"#cftejump\");\n                                 $dexQuery('html,body').animate({scrollTop: tag.offset().top-60},'fast');\n                                                        }\n                       });\n                       return false;\n                                }\n         }\n         function cfte_blink(selector){\n                 try {\n                     $dexQuery = jQuery.noConflict();\n                     $dexQuery(selector).fadeOut(700, function(){\n                         $dexQuery(this).fadeIn(700, function(){\n                             try {\n                                 if (document.cp_contactformtoemail_pform_1.cp_contactformtoemail_pform_status.value != '0')\n                                     cfte_blink(this);\n                             } catch (e) {}\n                         });\n                     });\n                 } catch (e) {}\n         }\n         function cp_contactformtoemail_cerror_1(){$dexQuery = jQuery.noConflict();$dexQuery(\"#hdcaptcha_error_1\").css('top',$dexQuery(\"#hdcaptcha_cp_contactformtoemail_post_1\").outerHeight());$dexQuery(\"#hdcaptcha_error_1\").css(\"display\",\"inline\");}\n        <\/script>\n        <div id=\"cftedialog\" style=\"display:none;\">Kiri saadetud, vastame esimesel v\u00f5imalusel!<\/div>\n        <form class=\"cpp_form no-prefetch\" name=\"cp_contactformtoemail_pform_1\" id=\"cp_contactformtoemail_pform_1\" action=\"\/?ahbnocache=644203\" method=\"post\" enctype=\"multipart\/form-data\" onsubmit=\"return cp_contactformtoemail_pform_doValidate_1(this);\"><input type=\"hidden\" name=\"cp_pform_psequence\" value=\"_1\" \/><input type=\"hidden\" name=\"cp_contactformtoemail_pform_process\" value=\"1\" \/><input type=\"hidden\" name=\"cp_contactformtoemail_id\" value=\"2\" \/><input type=\"hidden\" name=\"cp_ref_page\" value=\"\" \/><input type=\"hidden\" name=\"form_structure_1\" id=\"form_structure_1\" size=\"180\" value=\"[[{&quot;name&quot;:&quot;fieldname1&quot;,&quot;index&quot;:0,&quot;title&quot;:&quot;Nimi&quot;,&quot;required&quot;:true,&quot;shortlabel&quot;:&quot;&quot;,&quot;ftype&quot;:&quot;ftext&quot;,&quot;userhelp&quot;:&quot;&quot;,&quot;userhelpTooltip&quot;:&quot;&quot;,&quot;csslayout&quot;:&quot;&quot;,&quot;predefined&quot;:&quot;&quot;,&quot;predefinedClick&quot;:false,&quot;size&quot;:&quot;medium&quot;,&quot;minlength&quot;:&quot;&quot;,&quot;maxlength&quot;:&quot;&quot;,&quot;equalTo&quot;:&quot;&quot;},{&quot;name&quot;:&quot;fieldname2&quot;,&quot;index&quot;:1,&quot;required&quot;:true,&quot;shortlabel&quot;:&quot;&quot;,&quot;ftype&quot;:&quot;femail&quot;,&quot;userhelp&quot;:&quot;&quot;,&quot;userhelpTooltip&quot;:&quot;&quot;,&quot;csslayout&quot;:&quot;&quot;,&quot;title&quot;:&quot;E-post&quot;,&quot;predefined&quot;:&quot;&quot;,&quot;predefinedClick&quot;:false,&quot;size&quot;:&quot;medium&quot;,&quot;equalTo&quot;:&quot;&quot;},{&quot;name&quot;:&quot;fieldname4&quot;,&quot;index&quot;:2,&quot;title&quot;:&quot;Telefon&quot;,&quot;required&quot;:true,&quot;shortlabel&quot;:&quot;&quot;,&quot;ftype&quot;:&quot;ftext&quot;,&quot;userhelp&quot;:&quot;&quot;,&quot;userhelpTooltip&quot;:&quot;&quot;,&quot;csslayout&quot;:&quot;&quot;,&quot;predefined&quot;:&quot;&quot;,&quot;predefinedClick&quot;:false,&quot;size&quot;:&quot;medium&quot;,&quot;minlength&quot;:&quot;&quot;,&quot;maxlength&quot;:&quot;&quot;,&quot;equalTo&quot;:&quot;&quot;},{&quot;name&quot;:&quot;fieldname5&quot;,&quot;index&quot;:3,&quot;title&quot;:&quot;Pealkiri&quot;,&quot;required&quot;:true,&quot;predefined&quot;:&quot;Kirjuta pealkiri&quot;,&quot;predefinedClick&quot;:true,&quot;shortlabel&quot;:&quot;&quot;,&quot;ftype&quot;:&quot;ftext&quot;,&quot;userhelp&quot;:&quot;&quot;,&quot;userhelpTooltip&quot;:&quot;&quot;,&quot;csslayout&quot;:&quot;&quot;,&quot;size&quot;:&quot;medium&quot;,&quot;minlength&quot;:&quot;&quot;,&quot;maxlength&quot;:&quot;&quot;,&quot;equalTo&quot;:&quot;&quot;},{&quot;name&quot;:&quot;message&quot;,&quot;index&quot;:4,&quot;size&quot;:&quot;large&quot;,&quot;required&quot;:true,&quot;title&quot;:&quot;S\\u00f5num&quot;,&quot;ftype&quot;:&quot;ftextarea&quot;,&quot;userhelp&quot;:&quot;Kastikese alumisest paremast nurgast saad seda suuremaks venitada, et oleks hea kirjutada!&quot;,&quot;csslayout&quot;:&quot;&quot;,&quot;predefined&quot;:&quot;Kirjuta siia s\\u00f5num&quot;,&quot;predefinedClick&quot;:true,&quot;shortlabel&quot;:&quot;&quot;,&quot;userhelpTooltip&quot;:&quot;&quot;,&quot;minlength&quot;:&quot;&quot;,&quot;maxlength&quot;:&quot;&quot;}],[{&quot;title&quot;:&quot;&quot;,&quot;description&quot;:&quot;&quot;,&quot;formlayout&quot;:&quot;top_aligned&quot;}]]\" \/><input type=\"hidden\" name=\"refpage_1\" id=\"refpage_1\" value=\"\"><input type=\"hidden\" name=\"cp_contactformtoemail_pform_status\" value=\"0\" \/><input name=\"anonce\" type=\"hidden\" value=\"a4b5cc00ef\"\/><input name=\"cftehp\" id=\"cftehp_1\" type=\"hidden\" value=\"1\"\/>\r\n<div id=\"fbuilder\">    \r\n    <div id=\"fbuilder_1\">\r\n        <div id=\"formheader_1\"><\/div>\r\n        <div id=\"fieldlist_1\"><\/div>\r\n    <\/div>\r\n<\/div>    \r\n<div style=\"display:none\">\r\n<input name=\"cftecontrolmessage\" type=\"text\" value=\"\"\/> \r\n<div id=\"cpcaptchalayer_1\" class=\"cpcaptchalayer\">\r\n  Turvakood:<br \/>\r\n  <img decoding=\"async\" src=\"\/?cp_contactformtoemail_captcha=captcha&ps=_1&inAdmin=1&width=130&height=50&letter_count=5&min_size=35&max_size=35&noise=100&noiselength=20&bcolor=ffffff&border=000000&font=font1\"  id=\"captchaimg_1\" alt=\"security code\" border=\"0\" class=\"skip-lazy\"  \/>\r\n  <br \/>Palun sisesta turvakood:<br \/>\r\n  <div class=\"dfield\"><input type=\"text\" size=\"20\" name=\"hdcaptcha_cp_contactformtoemail_post\" id=\"hdcaptcha_cp_contactformtoemail_post_1\" value=\"\" \/>\r\n  <div class=\"cpefb_error message\" id=\"hdcaptcha_error_1\" generated=\"true\" style=\"display:none;position: absolute; left: 0px; top: 25px;\">Sisesta siia turvakood.<\/div>\r\n  <\/div><br \/>  \r\n<\/div>\r\n<\/div>\r\n<div id=\"cp_subbtn_1\" class=\"cp_subbtn\">Saada kiri<\/div>\r\n<\/form>\r\n<script>\r\ntry{document.getElementById(\"cftehp_1\").value=\"25\";}catch(e){}\r\n<\/script>\r\n<\/td>\n<\/tr>\n<\/tbody>\n<\/table>\n<div class=\"clearer\"><\/div>\n<\/div>\n<\/div>\n<\/div><\/div><\/div><\/div><\/div><\/p>\n","protected":false},"excerpt":{"rendered":"","protected":false},"author":1,"featured_media":0,"parent":0,"menu_order":0,"comment_status":"closed","ping_status":"closed","template":"","meta":{"_seopress_robots_primary_cat":"","_seopress_titles_title":"BrizFest Legal | \u00d5igusabi ","_seopress_titles_desc":"\u00d5igusabi eraisikutele ja \u00e4ri\u00fchingutele. L\u00e4htume oma tegevuses klientide parimast heaolust ja n\u00f5ustame ning esindame kliente kohtu ja kohtuv\u00e4listes menetlustes. ","_seopress_robots_index":"","om_disable_all_campaigns":false,"_monsterinsights_skip_tracking":false,"_monsterinsights_sitenote_active":false,"_monsterinsights_sitenote_note":"","_monsterinsights_sitenote_category":0,"_uf_show_specific_survey":0,"_uf_disable_surveys":false,"footnotes":""},"_links":{"self":[{"href":"https:\/\/juura.brizfest.ee\/index.php?rest_route=\/wp\/v2\/pages\/9"}],"collection":[{"href":"https:\/\/juura.brizfest.ee\/index.php?rest_route=\/wp\/v2\/pages"}],"about":[{"href":"https:\/\/juura.brizfest.ee\/index.php?rest_route=\/wp\/v2\/types\/page"}],"author":[{"embeddable":true,"href":"https:\/\/juura.brizfest.ee\/index.php?rest_route=\/wp\/v2\/users\/1"}],"replies":[{"embeddable":true,"href":"https:\/\/juura.brizfest.ee\/index.php?rest_route=%2Fwp%2Fv2%2Fcomments&post=9"}],"version-history":[{"count":14,"href":"https:\/\/juura.brizfest.ee\/index.php?rest_route=\/wp\/v2\/pages\/9\/revisions"}],"predecessor-version":[{"id":1259,"href":"https:\/\/juura.brizfest.ee\/index.php?rest_route=\/wp\/v2\/pages\/9\/revisions\/1259"}],"wp:attachment":[{"href":"https:\/\/juura.brizfest.ee\/index.php?rest_route=%2Fwp%2Fv2%2Fmedia&parent=9"}],"curies":[{"name":"wp","href":"https:\/\/api.w.org\/{rel}","templated":true}]}}